{"id":40,"date":"2021-10-22T01:47:30","date_gmt":"2021-10-22T06:47:30","guid":{"rendered":"https:\/\/dieresis.com\/home\/"},"modified":"2021-10-23T13:53:27","modified_gmt":"2021-10-23T18:53:27","slug":"home","status":"publish","type":"page","link":"https:\/\/dieresis.com\/en\/","title":{"rendered":"Home"},"content":{"rendered":"<!--themify_builder_content-->\n<div id=\"themify_builder_content-40\" data-postid=\"40\" class=\"themify_builder_content themify_builder_content-40 themify_builder tf_clear\">\n    \t\t\t<!-- module_row -->\n\t<div  data-lazy=\"1\" class=\"module_row themify_builder_row tb_hzn1221 tb_first tf_w tf_clearfix\">\n\t    \t\t\t<div class=\"row_inner col_align_top tb_col_count_1 tf_box tf_rel\">\n\t\t            <div  data-lazy=\"1\" class=\"module_column tb-column col-full tb_dz79221 first\">\n                                                        <div class=\"tb-column-inner tf_box tf_w\">\n                        <div  class=\"module themify_builder_slider_wrap tf_clearfix module-slider tb_gt58389  slider-default  \" data-lazy=\"1\">\n        <div class=\"themify_builder_slider tf_carousel tf_swiper-container tf_rel tf_overflow\" data-lazy=\"1\"\t\tdata-tbreakpoints=\"1024\"\n\t\tdata-mbreakpoints=\"600\"\n\t\tdata-visible=\"1\"\n\t\tdata-tab-visible=\"1\"\n\t\tdata-mob-visible=\"1\"\n\t\tdata-scroll=\"1\"\n\t\t\t\t\t\t\tdata-auto=\"5000\"\n\t\t\tdata-controller=\"0\"\n\t\t\tdata-pause_hover=\"1\"\n\t\t\t\tdata-speed=\"1\"\n\t\tdata-wrapvar=\"1\"\n\t\tdata-slider_nav=\"0\"\n\t\tdata-pager=\"0\"\n\t\tdata-effect=\"scroll\" \n\t\tdata-height=\"variable\"\n\t\tdata-horizontal=\"0\"\n\t\tdata-css_url=\"https:\/\/dieresis.com\/wp-content\/themes\/themify-ultra\/themify\/themify-builder\/css\/modules\/sliders\/carousel.css,https:\/\/dieresis.com\/wp-content\/themes\/themify-ultra\/themify\/themify-builder\/css\/modules\/sliders\/slider.css\"\n\t\t\t>\n\t\t<div class=\"tf_swiper-wrapper tf_lazy tf_rel tf_w tf_h tf_textc\">\n\t        <!-- module slider image -->\n\n                     <div class=\"tf_swiper-slide\">\n            <div class=\"slide-inner-wrap\">\n                                    <div class=\"tf_rel tf_lazy slide-image\">\n                                                                            <img src=\"data:image\/svg+xml;charset=UTF-8,%3Csvg%20xmlns%3D%22http%3A%2F%2Fwww.w3.org%2F2000%2Fsvg%22%20width%3D%22805%22%20height%3D%22450%22%3E%3Cg%20fill%3D%22%23fcfcf7%22%3E%3Crect%20width%3D%22268%22%20height%3D%22150%22%2F%3E%3Crect%20width%3D%22268%22%20height%3D%22150%22%20fill%3D%22%23f8985a%22%20x%3D%22268%22%2F%3E%3Crect%20width%3D%22268%22%20height%3D%22150%22%20fill%3D%22%23403a20%22%20x%3D%22536%22%2F%3E%3Crect%20width%3D%22268%22%20height%3D%22150%22%20fill%3D%22%23fbfaf7%22%20y%3D%22150%22%2F%3E%3Crect%20width%3D%22268%22%20height%3D%22150%22%20fill%3D%22%23f55d18%22%20x%3D%22268%22%20y%3D%22150%22%2F%3E%3Crect%20width%3D%22268%22%20height%3D%22150%22%20fill%3D%22%239bdb03%22%20x%3D%22536%22%20y%3D%22150%22%2F%3E%3Crect%20width%3D%22268%22%20height%3D%22150%22%20fill%3D%22%23ffffff%22%20y%3D%22300%22%2F%3E%3Crect%20width%3D%22268%22%20height%3D%22150%22%20fill%3D%22%23ffffff%22%20x%3D%22268%22%20y%3D%22300%22%2F%3E%3Crect%20width%3D%22268%22%20height%3D%22150%22%20fill%3D%22%23ffffff%22%20x%3D%22536%22%20y%3D%22300%22%2F%3E%3C%2Fg%3E%3C%2Fsvg%3E\" loading=\"lazy\" data-lazy=\"1\" decoding=\"async\" width=\"805\" data-tf-src=\"https:\/\/dieresis.com\/wp-content\/uploads\/2021\/10\/Preview-Suite-1988-Allen-Ruppersberg-EEUU-1994-805x450.png\" height=\"450\" class=\"tf_svg_lazy wp-post-image wp-image-89\" title=\"Preview Suite, 1988. Allen Ruppersberg (EEUU 1994).\" alt=\"Preview Suite, 1988. Allen Ruppersberg (EEUU 1994).\" data-tf-srcset=\"https:\/\/dieresis.com\/wp-content\/uploads\/2021\/10\/Preview-Suite-1988-Allen-Ruppersberg-EEUU-1994.png 805w, https:\/\/dieresis.com\/wp-content\/uploads\/2021\/10\/Preview-Suite-1988-Allen-Ruppersberg-EEUU-1994-300x168.png 300w, https:\/\/dieresis.com\/wp-content\/uploads\/2021\/10\/Preview-Suite-1988-Allen-Ruppersberg-EEUU-1994-768x429.png 768w\" data-tf-sizes=\"(max-width: 805px) 100vw, 805px\" \/><noscript><img decoding=\"async\" data-tf-not-load data-no-script src=\"https:\/\/dieresis.com\/wp-content\/uploads\/2021\/10\/Preview-Suite-1988-Allen-Ruppersberg-EEUU-1994-805x450.png\" height=\"450\" class=\"wp-post-image wp-image-89\" title=\"Preview Suite, 1988. Allen Ruppersberg (EEUU 1994).\" alt=\"Preview Suite, 1988. Allen Ruppersberg (EEUU 1994).\" srcset=\"https:\/\/dieresis.com\/wp-content\/uploads\/2021\/10\/Preview-Suite-1988-Allen-Ruppersberg-EEUU-1994.png 805w, https:\/\/dieresis.com\/wp-content\/uploads\/2021\/10\/Preview-Suite-1988-Allen-Ruppersberg-EEUU-1994-300x168.png 300w, https:\/\/dieresis.com\/wp-content\/uploads\/2021\/10\/Preview-Suite-1988-Allen-Ruppersberg-EEUU-1994-768x429.png 768w\" sizes=\"(max-width: 805px) 100vw, 805px\" \/><\/noscript>                                            <\/div><!-- \/slide-image -->\n                \n                            <\/div>\n        <\/div>\n                     <div class=\"tf_swiper-slide\">\n            <div class=\"slide-inner-wrap\">\n                                    <div class=\"tf_rel tf_lazy slide-image\">\n                                                                            <img src=\"data:image\/svg+xml;charset=UTF-8,%3Csvg%20xmlns%3D%22http%3A%2F%2Fwww.w3.org%2F2000%2Fsvg%22%20width%3D%22805%22%20height%3D%22450%22%3E%3Cg%20fill%3D%22%23373a31%22%3E%3Crect%20width%3D%22268%22%20height%3D%22150%22%2F%3E%3Crect%20width%3D%22268%22%20height%3D%22150%22%20fill%3D%22%23bbbcb3%22%20x%3D%22268%22%2F%3E%3Crect%20width%3D%22268%22%20height%3D%22150%22%20fill%3D%22%23e0e1dc%22%20x%3D%22536%22%2F%3E%3Crect%20width%3D%22268%22%20height%3D%22150%22%20fill%3D%22%23d4d5d2%22%20y%3D%22150%22%2F%3E%3Crect%20width%3D%22268%22%20height%3D%22150%22%20fill%3D%22%23c3c2bd%22%20x%3D%22268%22%20y%3D%22150%22%2F%3E%3Crect%20width%3D%22268%22%20height%3D%22150%22%20fill%3D%22%23eaeae5%22%20x%3D%22536%22%20y%3D%22150%22%2F%3E%3Crect%20width%3D%22268%22%20height%3D%22150%22%20fill%3D%22%23d8d4c3%22%20y%3D%22300%22%2F%3E%3Crect%20width%3D%22268%22%20height%3D%22150%22%20fill%3D%22%23d7cfbf%22%20x%3D%22268%22%20y%3D%22300%22%2F%3E%3Crect%20width%3D%22268%22%20height%3D%22150%22%20fill%3D%22%23ecefed%22%20x%3D%22536%22%20y%3D%22300%22%2F%3E%3C%2Fg%3E%3C%2Fsvg%3E\" loading=\"lazy\" data-lazy=\"1\" decoding=\"async\" width=\"805\" data-tf-src=\"https:\/\/dieresis.com\/wp-content\/uploads\/2021\/10\/Vino-Rosso-1987-Bruce-Nauman-EEUU-1941-805x450.png\" height=\"450\" class=\"tf_svg_lazy wp-post-image wp-image-91\" title=\"Vino Rosso, 1987. Bruce Nauman (EEUU 1941).\" alt=\"Vino Rosso, 1987. Bruce Nauman (EE.UU., 1941).\" data-tf-srcset=\"https:\/\/dieresis.com\/wp-content\/uploads\/2021\/10\/Vino-Rosso-1987-Bruce-Nauman-EEUU-1941.png 805w, https:\/\/dieresis.com\/wp-content\/uploads\/2021\/10\/Vino-Rosso-1987-Bruce-Nauman-EEUU-1941-300x168.png 300w, https:\/\/dieresis.com\/wp-content\/uploads\/2021\/10\/Vino-Rosso-1987-Bruce-Nauman-EEUU-1941-768x429.png 768w\" data-tf-sizes=\"(max-width: 805px) 100vw, 805px\" \/><noscript><img decoding=\"async\" data-tf-not-load data-no-script src=\"https:\/\/dieresis.com\/wp-content\/uploads\/2021\/10\/Vino-Rosso-1987-Bruce-Nauman-EEUU-1941-805x450.png\" height=\"450\" class=\"wp-post-image wp-image-91\" title=\"Vino Rosso, 1987. Bruce Nauman (EEUU 1941).\" alt=\"Vino Rosso, 1987. Bruce Nauman (EE.UU., 1941).\" srcset=\"https:\/\/dieresis.com\/wp-content\/uploads\/2021\/10\/Vino-Rosso-1987-Bruce-Nauman-EEUU-1941.png 805w, https:\/\/dieresis.com\/wp-content\/uploads\/2021\/10\/Vino-Rosso-1987-Bruce-Nauman-EEUU-1941-300x168.png 300w, https:\/\/dieresis.com\/wp-content\/uploads\/2021\/10\/Vino-Rosso-1987-Bruce-Nauman-EEUU-1941-768x429.png 768w\" sizes=\"(max-width: 805px) 100vw, 805px\" \/><\/noscript>                                            <\/div><!-- \/slide-image -->\n                \n                            <\/div>\n        <\/div>\n    \t    <\/div>\n    <\/div>\n<\/div>\n                    <\/div><!-- .tb-column-inner -->\n                            <\/div><!-- .module_column -->\n            \t    <\/div><!-- .row_inner -->\n\t<\/div><!-- .module_row -->\n\t<\/div>\n<!--\/themify_builder_content-->","protected":false},"excerpt":{"rendered":"","protected":false},"author":2,"featured_media":0,"parent":0,"menu_order":0,"comment_status":"closed","ping_status":"open","template":"","meta":{"footnotes":""},"class_list":["post-40","page","type-page","status-publish","hentry","has-post-title","has-post-date","has-post-category","has-post-tag","has-post-comment","has-post-author",""],"yoast_head":"<!-- This site is optimized with the Yoast SEO plugin v20.10 - https:\/\/yoast.com\/wordpress\/plugins\/seo\/ -->\n<title>Home - Colecci\u00f3n Di\u00e9resis<\/title>\n<meta name=\"robots\" content=\"index, follow, max-snippet:-1, max-image-preview:large, max-video-preview:-1\" \/>\n<link rel=\"canonical\" href=\"https:\/\/dieresis.com\/en\/\" \/>\n<meta property=\"og:locale\" content=\"en_US\" \/>\n<meta property=\"og:type\" content=\"article\" \/>\n<meta property=\"og:title\" content=\"Home - Colecci\u00f3n Di\u00e9resis\" \/>\n<meta property=\"og:url\" content=\"https:\/\/dieresis.com\/en\/\" \/>\n<meta property=\"og:site_name\" content=\"Colecci\u00f3n Di\u00e9resis\" \/>\n<meta property=\"article:modified_time\" content=\"2021-10-23T18:53:27+00:00\" \/>\n<meta property=\"og:image\" content=\"https:\/\/dieresis.com\/wp-content\/uploads\/2021\/10\/Preview-Suite-1988-Allen-Ruppersberg-EEUU-1994-805x450.png\" \/>\n<meta name=\"twitter:card\" content=\"summary_large_image\" \/>\n<script type=\"application\/ld+json\" class=\"yoast-schema-graph\">{\"@context\":\"https:\/\/schema.org\",\"@graph\":[{\"@type\":\"WebPage\",\"@id\":\"https:\/\/dieresis.com\/en\/\",\"url\":\"https:\/\/dieresis.com\/en\/\",\"name\":\"Home - Colecci\u00f3n Di\u00e9resis\",\"isPartOf\":{\"@id\":\"https:\/\/dieresis.com\/en\/#website\"},\"datePublished\":\"2021-10-22T06:47:30+00:00\",\"dateModified\":\"2021-10-23T18:53:27+00:00\",\"breadcrumb\":{\"@id\":\"https:\/\/dieresis.com\/en\/#breadcrumb\"},\"inLanguage\":\"en-US\",\"potentialAction\":[{\"@type\":\"ReadAction\",\"target\":[\"https:\/\/dieresis.com\/en\/\"]}]},{\"@type\":\"BreadcrumbList\",\"@id\":\"https:\/\/dieresis.com\/en\/#breadcrumb\",\"itemListElement\":[{\"@type\":\"ListItem\",\"position\":1,\"name\":\"Home\",\"item\":\"https:\/\/dieresis.com\/en\/\"},{\"@type\":\"ListItem\",\"position\":2,\"name\":\"Home\"}]},{\"@type\":\"WebSite\",\"@id\":\"https:\/\/dieresis.com\/en\/#website\",\"url\":\"https:\/\/dieresis.com\/en\/\",\"name\":\"Colecci\u00f3n Di\u00e9resis\",\"description\":\"Arte Contempor\u00e1neo\",\"potentialAction\":[{\"@type\":\"SearchAction\",\"target\":{\"@type\":\"EntryPoint\",\"urlTemplate\":\"https:\/\/dieresis.com\/en\/?s={search_term_string}\"},\"query-input\":\"required name=search_term_string\"}],\"inLanguage\":\"en-US\"}]}<\/script>\n<!-- \/ Yoast SEO plugin. -->","yoast_head_json":{"title":"Home - Colecci\u00f3n Di\u00e9resis","robots":{"index":"index","follow":"follow","max-snippet":"max-snippet:-1","max-image-preview":"max-image-preview:large","max-video-preview":"max-video-preview:-1"},"canonical":"https:\/\/dieresis.com\/en\/","og_locale":"en_US","og_type":"article","og_title":"Home - Colecci\u00f3n Di\u00e9resis","og_url":"https:\/\/dieresis.com\/en\/","og_site_name":"Colecci\u00f3n Di\u00e9resis","article_modified_time":"2021-10-23T18:53:27+00:00","og_image":[{"url":"https:\/\/dieresis.com\/wp-content\/uploads\/2021\/10\/Preview-Suite-1988-Allen-Ruppersberg-EEUU-1994-805x450.png"}],"twitter_card":"summary_large_image","schema":{"@context":"https:\/\/schema.org","@graph":[{"@type":"WebPage","@id":"https:\/\/dieresis.com\/en\/","url":"https:\/\/dieresis.com\/en\/","name":"Home - Colecci\u00f3n Di\u00e9resis","isPartOf":{"@id":"https:\/\/dieresis.com\/en\/#website"},"datePublished":"2021-10-22T06:47:30+00:00","dateModified":"2021-10-23T18:53:27+00:00","breadcrumb":{"@id":"https:\/\/dieresis.com\/en\/#breadcrumb"},"inLanguage":"en-US","potentialAction":[{"@type":"ReadAction","target":["https:\/\/dieresis.com\/en\/"]}]},{"@type":"BreadcrumbList","@id":"https:\/\/dieresis.com\/en\/#breadcrumb","itemListElement":[{"@type":"ListItem","position":1,"name":"Home","item":"https:\/\/dieresis.com\/en\/"},{"@type":"ListItem","position":2,"name":"Home"}]},{"@type":"WebSite","@id":"https:\/\/dieresis.com\/en\/#website","url":"https:\/\/dieresis.com\/en\/","name":"Colecci\u00f3n Di\u00e9resis","description":"Arte Contempor\u00e1neo","potentialAction":[{"@type":"SearchAction","target":{"@type":"EntryPoint","urlTemplate":"https:\/\/dieresis.com\/en\/?s={search_term_string}"},"query-input":"required name=search_term_string"}],"inLanguage":"en-US"}]}},"_links":{"self":[{"href":"https:\/\/dieresis.com\/en\/wp-json\/wp\/v2\/pages\/40","targetHints":{"allow":["GET"]}}],"collection":[{"href":"https:\/\/dieresis.com\/en\/wp-json\/wp\/v2\/pages"}],"about":[{"href":"https:\/\/dieresis.com\/en\/wp-json\/wp\/v2\/types\/page"}],"author":[{"embeddable":true,"href":"https:\/\/dieresis.com\/en\/wp-json\/wp\/v2\/users\/2"}],"replies":[{"embeddable":true,"href":"https:\/\/dieresis.com\/en\/wp-json\/wp\/v2\/comments?post=40"}],"version-history":[{"count":1,"href":"https:\/\/dieresis.com\/en\/wp-json\/wp\/v2\/pages\/40\/revisions"}],"predecessor-version":[{"id":105,"href":"https:\/\/dieresis.com\/en\/wp-json\/wp\/v2\/pages\/40\/revisions\/105"}],"wp:attachment":[{"href":"https:\/\/dieresis.com\/en\/wp-json\/wp\/v2\/media?parent=40"}],"curies":[{"name":"wp","href":"https:\/\/api.w.org\/{rel}","templated":true}]}}