{"id":116,"date":"2021-10-23T14:02:07","date_gmt":"2021-10-23T19:02:07","guid":{"rendered":"https:\/\/dieresis.com\/acerca-de\/"},"modified":"2021-10-24T22:00:16","modified_gmt":"2021-10-25T03:00:16","slug":"about","status":"publish","type":"page","link":"https:\/\/dieresis.com\/en\/about\/","title":{"rendered":"About"},"content":{"rendered":"<!--themify_builder_content-->\n<div id=\"themify_builder_content-116\" data-postid=\"116\" class=\"themify_builder_content themify_builder_content-116 themify_builder tf_clear\">\n    \t\t\t<!-- module_row -->\n\t<div  data-lazy=\"1\" class=\"module_row themify_builder_row tb_b14m922 tb_first tf_w tf_clearfix\">\n\t    \t\t\t<div class=\"row_inner col_align_top tb_col_count_2 tf_box tf_rel\">\n\t\t            <div  data-lazy=\"1\" class=\"module_column tb-column col4-2 tb_p9zf924 first\">\n                                                <\/div><!-- .module_column -->\n                        <div  data-lazy=\"1\" class=\"module_column tb-column col4-2 tb_bb0e515 last\">\n                                                        <div class=\"tb-column-inner tf_box tf_w\">\n                        <!-- module text -->\n<div  class=\"module module-text tb_vdvv229   \" data-lazy=\"1\">\n        <div  class=\"tb_text_wrap\">\n    <p>Colecci\u00f3n Di\u00e9resis is a contemporary art source established in Guadalajara, M\u00e9xico. It\u2019s name origins in the eponymous diacritical mark which is a subtle gesture that  gives a new sound or a different voice, to an already known element of language. Departing from this operative platform the works and projects that constitute Colecci\u00f3n Di\u00e9resis, attempt to generate significant displacements in the perception of that which seems ordinary.<\/p>\r\n\r\n<p>Like most Mexican collections the starting point of this group of works started as a cultural interaction within a local environment and has gained terrain over time. The collection was initiated in the first decade of the twenty-first century focusing in local visual arts and ultimately has expanded its gaze towards a broader and international art production. Currently, the collection has several investigation areas, for example; one that studies the relationship between twentieth-century Mexican drawing and the contemporary production of drawing abroad, also, an area dedicated to twentieth-century furniture design. <\/p>\r\n\r\n<p>As a young entity, which is in constant formation, Colecci\u00f3n Di\u00e9resis is devoted to research, acquire, preserve and spread contemporary art formations.  All this in the aim to produce new connections between knowledge and experience from an aesthetical and analytical position, and find new meanings for the historical trajectories that comprises the present cultural landscape.<\/p>\r\n    <\/div>\n<\/div>\n<!-- \/module text -->                    <\/div><!-- .tb-column-inner -->\n                            <\/div><!-- .module_column -->\n            \t    <\/div><!-- .row_inner -->\n\t<\/div><!-- .module_row -->\n\t<\/div>\n<!--\/themify_builder_content-->","protected":false},"excerpt":{"rendered":"<p>Colecci\u00f3n Di\u00e9resis is a contemporary art source established in Guadalajara, M\u00e9xico. It\u2019s name origins in the eponymous diacritical mark which is a subtle gesture that gives a new sound or a different voice, to an already known element of language. Departing from this operative platform the works and projects that constitute Colecci\u00f3n Di\u00e9resis, attempt to [&hellip;]<\/p>\n","protected":false},"author":2,"featured_media":0,"parent":0,"menu_order":0,"comment_status":"closed","ping_status":"closed","template":"","meta":{"footnotes":""},"class_list":["post-116","page","type-page","status-publish","hentry","has-post-title","has-post-date","has-post-category","has-post-tag","has-post-comment","has-post-author",""],"yoast_head":"<!-- This site is optimized with the Yoast SEO plugin v20.10 - https:\/\/yoast.com\/wordpress\/plugins\/seo\/ -->\n<title>About - Colecci\u00f3n Di\u00e9resis<\/title>\n<meta name=\"robots\" content=\"index, follow, max-snippet:-1, max-image-preview:large, max-video-preview:-1\" \/>\n<link rel=\"canonical\" href=\"https:\/\/dieresis.com\/en\/about\/\" \/>\n<meta property=\"og:locale\" content=\"en_US\" \/>\n<meta property=\"og:type\" content=\"article\" \/>\n<meta property=\"og:title\" content=\"About - Colecci\u00f3n Di\u00e9resis\" \/>\n<meta property=\"og:description\" content=\"Colecci\u00f3n Di\u00e9resis is a contemporary art source established in Guadalajara, M\u00e9xico. It\u2019s name origins in the eponymous diacritical mark which is a subtle gesture that gives a new sound or a different voice, to an already known element of language. Departing from this operative platform the works and projects that constitute Colecci\u00f3n Di\u00e9resis, attempt to [&hellip;]\" \/>\n<meta property=\"og:url\" content=\"https:\/\/dieresis.com\/en\/about\/\" \/>\n<meta property=\"og:site_name\" content=\"Colecci\u00f3n Di\u00e9resis\" \/>\n<meta property=\"article:modified_time\" content=\"2021-10-25T03:00:16+00:00\" \/>\n<meta name=\"twitter:card\" content=\"summary_large_image\" \/>\n<meta name=\"twitter:label1\" content=\"Est. reading time\" \/>\n\t<meta name=\"twitter:data1\" content=\"1 minute\" \/>\n<script type=\"application\/ld+json\" class=\"yoast-schema-graph\">{\"@context\":\"https:\/\/schema.org\",\"@graph\":[{\"@type\":\"WebPage\",\"@id\":\"https:\/\/dieresis.com\/en\/about\/\",\"url\":\"https:\/\/dieresis.com\/en\/about\/\",\"name\":\"About - Colecci\u00f3n Di\u00e9resis\",\"isPartOf\":{\"@id\":\"https:\/\/dieresis.com\/en\/#website\"},\"datePublished\":\"2021-10-23T19:02:07+00:00\",\"dateModified\":\"2021-10-25T03:00:16+00:00\",\"breadcrumb\":{\"@id\":\"https:\/\/dieresis.com\/en\/about\/#breadcrumb\"},\"inLanguage\":\"en-US\",\"potentialAction\":[{\"@type\":\"ReadAction\",\"target\":[\"https:\/\/dieresis.com\/en\/about\/\"]}]},{\"@type\":\"BreadcrumbList\",\"@id\":\"https:\/\/dieresis.com\/en\/about\/#breadcrumb\",\"itemListElement\":[{\"@type\":\"ListItem\",\"position\":1,\"name\":\"Home\",\"item\":\"https:\/\/dieresis.com\/en\/\"},{\"@type\":\"ListItem\",\"position\":2,\"name\":\"About\"}]},{\"@type\":\"WebSite\",\"@id\":\"https:\/\/dieresis.com\/en\/#website\",\"url\":\"https:\/\/dieresis.com\/en\/\",\"name\":\"Colecci\u00f3n Di\u00e9resis\",\"description\":\"Arte Contempor\u00e1neo\",\"potentialAction\":[{\"@type\":\"SearchAction\",\"target\":{\"@type\":\"EntryPoint\",\"urlTemplate\":\"https:\/\/dieresis.com\/en\/?s={search_term_string}\"},\"query-input\":\"required name=search_term_string\"}],\"inLanguage\":\"en-US\"}]}<\/script>\n<!-- \/ Yoast SEO plugin. -->","yoast_head_json":{"title":"About - Colecci\u00f3n Di\u00e9resis","robots":{"index":"index","follow":"follow","max-snippet":"max-snippet:-1","max-image-preview":"max-image-preview:large","max-video-preview":"max-video-preview:-1"},"canonical":"https:\/\/dieresis.com\/en\/about\/","og_locale":"en_US","og_type":"article","og_title":"About - Colecci\u00f3n Di\u00e9resis","og_description":"Colecci\u00f3n Di\u00e9resis is a contemporary art source established in Guadalajara, M\u00e9xico. It\u2019s name origins in the eponymous diacritical mark which is a subtle gesture that gives a new sound or a different voice, to an already known element of language. Departing from this operative platform the works and projects that constitute Colecci\u00f3n Di\u00e9resis, attempt to [&hellip;]","og_url":"https:\/\/dieresis.com\/en\/about\/","og_site_name":"Colecci\u00f3n Di\u00e9resis","article_modified_time":"2021-10-25T03:00:16+00:00","twitter_card":"summary_large_image","twitter_misc":{"Est. reading time":"1 minute"},"schema":{"@context":"https:\/\/schema.org","@graph":[{"@type":"WebPage","@id":"https:\/\/dieresis.com\/en\/about\/","url":"https:\/\/dieresis.com\/en\/about\/","name":"About - Colecci\u00f3n Di\u00e9resis","isPartOf":{"@id":"https:\/\/dieresis.com\/en\/#website"},"datePublished":"2021-10-23T19:02:07+00:00","dateModified":"2021-10-25T03:00:16+00:00","breadcrumb":{"@id":"https:\/\/dieresis.com\/en\/about\/#breadcrumb"},"inLanguage":"en-US","potentialAction":[{"@type":"ReadAction","target":["https:\/\/dieresis.com\/en\/about\/"]}]},{"@type":"BreadcrumbList","@id":"https:\/\/dieresis.com\/en\/about\/#breadcrumb","itemListElement":[{"@type":"ListItem","position":1,"name":"Home","item":"https:\/\/dieresis.com\/en\/"},{"@type":"ListItem","position":2,"name":"About"}]},{"@type":"WebSite","@id":"https:\/\/dieresis.com\/en\/#website","url":"https:\/\/dieresis.com\/en\/","name":"Colecci\u00f3n Di\u00e9resis","description":"Arte Contempor\u00e1neo","potentialAction":[{"@type":"SearchAction","target":{"@type":"EntryPoint","urlTemplate":"https:\/\/dieresis.com\/en\/?s={search_term_string}"},"query-input":"required name=search_term_string"}],"inLanguage":"en-US"}]}},"_links":{"self":[{"href":"https:\/\/dieresis.com\/en\/wp-json\/wp\/v2\/pages\/116","targetHints":{"allow":["GET"]}}],"collection":[{"href":"https:\/\/dieresis.com\/en\/wp-json\/wp\/v2\/pages"}],"about":[{"href":"https:\/\/dieresis.com\/en\/wp-json\/wp\/v2\/types\/page"}],"author":[{"embeddable":true,"href":"https:\/\/dieresis.com\/en\/wp-json\/wp\/v2\/users\/2"}],"replies":[{"embeddable":true,"href":"https:\/\/dieresis.com\/en\/wp-json\/wp\/v2\/comments?post=116"}],"version-history":[{"count":3,"href":"https:\/\/dieresis.com\/en\/wp-json\/wp\/v2\/pages\/116\/revisions"}],"predecessor-version":[{"id":120,"href":"https:\/\/dieresis.com\/en\/wp-json\/wp\/v2\/pages\/116\/revisions\/120"}],"wp:attachment":[{"href":"https:\/\/dieresis.com\/en\/wp-json\/wp\/v2\/media?parent=116"}],"curies":[{"name":"wp","href":"https:\/\/api.w.org\/{rel}","templated":true}]}}